{"id":2,"date":"2019-12-06T18:23:28","date_gmt":"2019-12-06T21:23:28","guid":{"rendered":"http:\/\/mcdonoughsrl.com\/?page_id=2"},"modified":"2019-12-06T18:23:28","modified_gmt":"2019-12-06T21:23:28","slug":"pagina-ejemplo","status":"publish","type":"page","link":"https:\/\/mcdonoughinterpretacion.com\/en\/pagina-ejemplo\/","title":{"rendered":"P\u00e1gina de ejemplo"},"content":{"rendered":"<p>Esta es una p\u00e1gina de ejemplo, es diferente de una entrada porque se va a quedar en un solo lugar y va a aparecer en la navegaci\u00f3n de tu sitio (en la mayor\u00eda de los temas). Muchas gente empieza con una p\u00e1gina del tipo \u00abSobre M\u00ed\u00bb, que los introduce a los potenciales visitantes de su sitio. Pod\u00e9s decir algo como esto:<\/p>\n\n\n\n<blockquote class=\"wp-block-quote\"><p>\u00a1Hola! Soy mensajero en bicicleta de d\u00eda, actor aspirante de noche, y esta es mi p\u00e1gina web. Vivo en Los \u00c1ngeles, tengo un gran perro llamado Jack, y me gustan las pi\u00f1as coladas. (Y ser atrapado por la lluvia.)<\/p><\/blockquote>\n\n\n\n<p>&#8230;o algo como esto:<\/p>\n\n\n\n<blockquote class=\"wp-block-quote\"><p>La compa\u00f1ia XYZ Trasto fue fundada en 1971, y provee trastos de calidad para el p\u00fablico desde entonces. Ubicado en Ciudad G\u00f3tica, XYZ le da empleo a m\u00e1s de 2000 personas y hace todo tipo de cosas asombrosas para la comunidad de G\u00f3tica.<\/p><\/blockquote>\n\n\n\n<p>Como nuevo usuario de WordPress, deber\u00edas dirigirte a <a href=\"http:\/\/mcdonoughsrl.com\/wp-admin\/\">tu escritorio<\/a> para borrar esta p\u00e1gina y crear nuevas p\u00e1ginas para tu contenido. Divertite!<\/p>","protected":false},"excerpt":{"rendered":"<p>Esta es una p\u00e1gina de ejemplo, es diferente de una entrada porque se va a quedar en un solo lugar y va a aparecer en la navegaci\u00f3n de tu sitio (en la mayor\u00eda de los temas). Muchas gente empieza con una p\u00e1gina del tipo \u00abSobre M\u00ed\u00bb, que los introduce a los potenciales visitantes de su [&hellip;]<\/p>","protected":false},"author":1,"featured_media":0,"parent":0,"menu_order":0,"comment_status":"closed","ping_status":"open","template":"","meta":{"om_disable_all_campaigns":false,"_monsterinsights_skip_tracking":false,"_monsterinsights_sitenote_active":false,"_monsterinsights_sitenote_note":"","_monsterinsights_sitenote_category":0,"footnotes":""},"aioseo_notices":[],"_links":{"self":[{"href":"https:\/\/mcdonoughinterpretacion.com\/en\/wp-json\/wp\/v2\/pages\/2"}],"collection":[{"href":"https:\/\/mcdonoughinterpretacion.com\/en\/wp-json\/wp\/v2\/pages"}],"about":[{"href":"https:\/\/mcdonoughinterpretacion.com\/en\/wp-json\/wp\/v2\/types\/page"}],"author":[{"embeddable":true,"href":"https:\/\/mcdonoughinterpretacion.com\/en\/wp-json\/wp\/v2\/users\/1"}],"replies":[{"embeddable":true,"href":"https:\/\/mcdonoughinterpretacion.com\/en\/wp-json\/wp\/v2\/comments?post=2"}],"version-history":[{"count":0,"href":"https:\/\/mcdonoughinterpretacion.com\/en\/wp-json\/wp\/v2\/pages\/2\/revisions"}],"wp:attachment":[{"href":"https:\/\/mcdonoughinterpretacion.com\/en\/wp-json\/wp\/v2\/media?parent=2"}],"curies":[{"name":"wp","href":"https:\/\/api.w.org\/{rel}","templated":true}]}}